{"id":137,"date":"2025-02-07T16:05:21","date_gmt":"2025-02-07T15:05:21","guid":{"rendered":"https:\/\/ceus-uro.com\/?page_id=137"},"modified":"2026-02-26T11:30:23","modified_gmt":"2026-02-26T10:30:23","slug":"cem25","status":"publish","type":"page","link":"https:\/\/ceus-uro.com\/index.php\/cem25\/","title":{"rendered":"CEM25"},"content":{"rendered":"\n<blockquote class=\"wp-block-quote has-medium-font-size is-layout-flow wp-block-quote-is-layout-flow\">\n<blockquote class=\"wp-block-quote is-layout-flow wp-block-quote-is-layout-flow\">\n<p><\/p>\n\n\n\n<div class=\"wp-block-columns is-layout-flex wp-container-core-columns-is-layout-9d6595d7 wp-block-columns-is-layout-flex\">\n<div class=\"wp-block-column is-layout-flow wp-block-column-is-layout-flow\">\n<blockquote class=\"wp-block-quote is-layout-flow wp-block-quote-is-layout-flow\">\n<p>Dear colleagues and friends,<br>allow us to invite you to participate in the Central European Meeting (CEM25), which will be held on April 25-26, 2025 in Prague. The carefully designed scientific program will present updates from all areas of modern urology while providing ample opportunities for interactive discussions. We have chosen the International Hotel as the venue and I am sure you will appreciate its exceptional character.<\/p>\n\n\n\n<p>We look forward to seeing you in Prague in April,<\/p>\n\n\n\n<p>Yours<\/p>\n\n\n\n<p>Marko Babjuk<br>President of the Meeting <\/p>\n\n\n\n<p>Shahrokh Shariat<br>CEUS Secretary General<\/p>\n<\/blockquote>\n<\/div>\n\n\n\n<div class=\"wp-block-column is-layout-flow wp-block-column-is-layout-flow\">\n<figure class=\"wp-block-image size-full\"><img loading=\"lazy\" decoding=\"async\" width=\"720\" height=\"720\" src=\"https:\/\/ceus-uro.com\/wp-content\/uploads\/2025\/02\/CEM25.png\" alt=\"\" class=\"wp-image-154\" srcset=\"https:\/\/ceus-uro.com\/wp-content\/uploads\/2025\/02\/CEM25.png 720w, https:\/\/ceus-uro.com\/wp-content\/uploads\/2025\/02\/CEM25-300x300.png 300w, https:\/\/ceus-uro.com\/wp-content\/uploads\/2025\/02\/CEM25-150x150.png 150w\" sizes=\"auto, (max-width: 720px) 100vw, 720px\" \/><\/figure>\n<\/div>\n<\/div>\n<\/blockquote>\n<\/blockquote>\n\n\n\n<h2 class=\"wp-block-heading\">Place of the event<\/h2>\n\n\n\n<p>Grand Hotel International Prague<br>Koulova 16<br>Praha 6<br>https:\/\/www.hotelint.cz\/konference\/<\/p>\n\n\n\n<h2 class=\"wp-block-heading\">Registration<\/h2>\n\n\n\n<p>Registration for the conference starts on Sunday December 1st 2024 online via the registration system on the event website <a href=\"http:\/\/www.cem25.com\/registration\"><strong>www.cem25.com\/registration<\/strong><\/a>.<\/p>\n\n\n\n<h2 class=\"wp-block-heading\">Registration fees<\/h2>\n\n\n\n<figure class=\"wp-block-table\"><table class=\"has-fixed-layout\"><tbody><tr><td>Undergraduate student<\/td><td>free<\/td><\/tr><tr><td>Urologist from CEUS countries &#8211; Residents<\/td><td>100<strong>\u20ac<\/strong> <\/td><\/tr><tr><td>Urologist from CEUS countries &#8211; Physicians<\/td><td>200<strong>\u20ac<\/strong> <\/td><\/tr><tr><td>Urologist from other than CEUS countries<\/td><td>250<strong>\u20ac<\/strong><\/td><\/tr><tr><td>Urologist from other than CEUS countries \u2013 Residents<\/td><td>150<strong>\u20ac<\/strong><\/td><\/tr><\/tbody><\/table><\/figure>\n\n\n\n<p><em>CEUS countries &#8211; Czech Republic, Slovakia, Poland, Hungary, Austria, Slovenia, Croatia, Romania.<\/em><\/p>\n\n\n\n<h2 class=\"wp-block-heading\">Important dates<\/h2>\n\n\n\n<ul class=\"wp-block-list\">\n<li>opening of registration, opening of abstract collection \u2013 1.12.2024<\/li>\n\n\n\n<li>end of abstract collection \u2013 28.2.2025<\/li>\n\n\n\n<li>closing of registration \u2013 10.4.2025<\/li>\n<\/ul>\n\n\n\n<h2 class=\"wp-block-heading\">Terms and conditions for abstract submission<\/h2>\n\n\n\n<p>The maximum length of the abstract is 300 words (this does not include the title of the paper, the names of the authors and their affiliations and dedications). The abstract of the original work is structured as follows: Title \u2013 Authors \u2013 Affiliation \u2013 Introduction \u2013 Material and Methods \u2013 Results \u2013 Conclusion<\/p>\n\n\n\n<h2 class=\"wp-block-heading\">Poster preparation<\/h2>\n\n\n\n<p>As part of the CEM25 scientific program, we are pleased to announce the traditional poster session, which will take place on <strong>Friday, April 25, from 5:00 PM to 7:00 PM<\/strong>. Posters will be presented in <strong>printed <\/strong>format, size <strong>A0<\/strong>.<\/p>\n\n\n\n<p>From the submitted posters, the eight best will be selected for oral presentations in the Saturday afternoon program (<strong>5-minute presentation + 2-minute discussion<\/strong>). The selected authors will be notified in advance.<\/p>\n\n\n\n<p>We appreciate all those who have already registered for active participation and encourage additional interested participants to submit their posters for presentation at CEM25.<\/p>\n\n\n\n<p><strong>The deadline for abstract submission has been extended to Friday, March 14 (inclusive).<\/strong><\/p>\n\n\n\n<h3 class=\"wp-block-heading\"><strong>How to submit your poster:<\/strong><\/h3>\n\n\n\n<p>Abstract can be submitted via the conference website <a href=\"http:\/\/www.cem25.com\"><strong>www.cem25.com<\/strong>.<\/a> Registration is required first, and the registration form includes an option to upload an abstract. After the abstract submission deadline, selected authors will be invited to prepare a printed poster for presentation during the \u201cposter walk\u201d on Friday, April 25 (5:00 PM &#8211; 7:00 PM).<\/p>\n\n\n\n<p>To submit an abstract, please check the box labeled \u201cI want to submit an abstract (optional)\u201d during the registration process.<\/p>\n\n\n\n<h2 class=\"wp-block-heading\">Program <\/h2>\n\n\n\n<h3 class=\"wp-block-heading\">Friday, April 25<\/h3>\n\n\n\n<p>14:00 \u2013 15:00 | Registration<br>15:30 \u2013 17:00 | Workshops &#8211; Hands on courses<br>17:00 \u2013 19:00 | Poster walk with food &#8211; (moderated poster walk starts 18:00) <br>Poster viewing from 15:00 \u2013 19:00<br>Moderators: will be specified according to number of posters<br>15:30 \u2013 17:30 | CEUS board meeting<\/p>\n\n\n\n<h3 class=\"wp-block-heading\">Saturday, April 26<\/h3>\n\n\n\n<p>08:00 \u2013 08:20 | Welcome and introduction by president and representatives of national societies<br>08:20 \u2013 08:30 | Session of invited speakers 1<br>08:30 \u2013 09:00 | Renal cancer<br>09:00 \u2013 09:30 | Stone disease<br>09:30 \u2013 09:50 | Session of invited speakers 2 | EAU Lecture<br>09:50 \u2013 10:00 | Indications and techniques of M-F conversion<br>10:00 \u2013 10:30 | Bladder cancer<br>10:30 \u2013 11:00 | Coffee break<br>11:00 \u2013 11:30 | Pediatric urology. Vesicoureteral reflux<br>11:30 \u2013 12:00 | Female urology<br>12:00 \u2013 12:30 | BPH<br>12:30 \u2013 13:00 | Andrology<br>13:00 \u2013 13:45 | Lunch break<br>13:45 \u2013 14:45 | 8 Best Posters<br>14:45 \u2013 15:15 | Reconstructive urology<br>15:15 \u2013 15:45 | Prostate cancer 1<br>15:45 \u2013 16:15 | Prostate cancer 2<br>16:15 \u2013 16:45 | Coffee break<br>16:45 \u2013 18:15 | Country competition<br>18:15 \u2013 18:30 | CEUS lecture from new president<br>18:30 \u2013 18:45 | Award session: country competition and poster winners<br>18:45 \u2013 19:00 | Goodbye and farewell<\/p>\n\n\n\n<h2 class=\"wp-block-heading\">Accommodation<\/h2>\n\n\n\n<p>As part of the registration, we offer accommodation directly at the Grand Hotel International Prague, where the entire event will take place. If you are interested in staying at this hotel, please fill in the relevant sections during registration.<\/p>\n\n\n\n<p>The capacity of the hotel is limited, if it is full, please use a platform offering accommodation, such as booking.com, trivago.com, hotels.com etc.<\/p>\n\n\n\n<p>In the immediate vicinity, you will find, for example, the following hotels: Hotel Silenzio (www.hotelsilenzio.cz), Vienna House by Wyndham Diplomat Prague (www.wyndhamhotels.com), Hotel DAP (www.volareza.cz\/hotel-dap), Hotel Schwaiger (www.hotelschwaiger.cz) etc.<\/p>\n\n\n\n<p>Due to the expected high number of participants of the event, werecommend early booking of accommodation.<\/p>\n\n\n\n<h2 class=\"wp-block-heading\">Transportation to the hotel<\/h2>\n\n\n\n<h3 class=\"wp-block-heading\">From the airport<\/h3>\n\n\n\n<p>The journey takes approximately 30\u201340 minutes by public transport or 20\u201330 minutes by car.<\/p>\n\n\n\n<h4 class=\"wp-block-heading\">By public transport<\/h4>\n\n\n\n<p>Take bus 119 from the airport to N\u00e1dra\u017e\u00ed Veleslav\u00edn (about 15\u201320 minutes). Change to metro line A (green line) at N\u00e1dra\u017e\u00ed Veleslav\u00edn and go in the direction of Depo Hostiva\u0159. Get off at the Dejvick\u00e1 station (3 stops). From Dejvick\u00e1 , it\u2019s about a 10-minute walk to the Grand Hotel International. Or you can also take tram 18 from V\u00edt\u011bzn\u00e9 n\u00e1m\u011bst\u00ed station in the<br>direction of N\u00e1dra\u017e\u00ed Podbaba and get off at Zelen\u00e1 station (2 stops), which is a short walk from the hotel.<\/p>\n\n\n\n<h4 class=\"wp-block-heading\">By taxi or rideshare<\/h4>\n\n\n\n<p>Taxis and services like Uber are available directly at the airport. The ride takes around 20\u201330 minutes, depending on traffic.<\/p>\n\n\n\n<h4 class=\"wp-block-heading\">By airport shuttle<\/h4>\n\n\n\n<p>You can book an airport shuttle service that will drop you directly at the hotel. This option is available at the venue website (registration) for \u20ac 35 one way.<\/p>\n\n\n\n<h3 class=\"wp-block-heading\">From main train station<\/h3>\n\n\n\n<p>The journey takes about 25\u201330 minutes by public<\/p>\n\n\n\n<h4 class=\"wp-block-heading\">By public transport<\/h4>\n\n\n\n<p>From Hlavn\u00ed n\u00e1dra\u017e\u00ed, take metro line C (red line) in the direction of H\u00e1je.Change at Muzeum station to metro line A (green line) in the direction of Nemocnice Motol. Get off at Dejvick\u00e1 station (5 stops). Or you can also take tram 26 from Hlavn\u00ed n\u00e1dra\u017e\u00ed to V\u00edt\u011bzn\u00e9 n\u00e1m\u011bst\u00ed (15 stops). From Dejvick\u00e1 \/ V\u00edt\u011bzn\u00e9 n\u00e1m\u011bst\u00ed , it\u2019s about a 10-minute walk to the Grand Hotel International. Or you can also take tram 18 from V\u00edt\u011bzn\u00e9 n\u00e1m\u011bst\u00ed station in the direction of N\u00e1dra\u017e\u00ed Podbaba and get off at Zelen\u00e1 station (2 stops), which is a short walk from the hotel.<\/p>\n\n\n\n<h4 class=\"wp-block-heading\">By taxi or rideshare<\/h4>\n\n\n\n<p>Taxis and services like Uber are available at the station.<\/p>\n\n\n\n<h2 class=\"wp-block-heading\">With car + parking<\/h2>\n\n\n\n<p>The Grand Hotel International is located in the Dejvice district, easily accessible by car. Upon arrival, you\u2019ll see the hotel\u2019s main entrance on Koulova Street. There is a drop-off zone directly in front of the entrance for quick stops or unloading luggage.<\/p>\n\n\n\n<h2 class=\"wp-block-heading\">Hotel parking<\/h2>\n\n\n\n<p>For parking, the hotel offers a secured parking lot located just behind the building. Guests can enter the parking area from the side street, and signs will direct you towards the entrance. Parking is paid, and the reception desk can provide details about rates and availability. Parking spots are limited, so it is advisable to check with the hotel in advance to ensure a space.<\/p>\n\n\n\n<h2 class=\"wp-block-heading\">Street parking<\/h2>\n\n\n\n<p>You can find public street parking around the hotel, particularly on Koulova Street and nearby side streets. These spaces are usually part of the city\u2019s paid parking zones (blue and green zones). The blue zone is typically reserved for residents, while the green zone allows for longer-term paid parking.<\/p>\n\n\n\n<p>You can pay for parking via the mobile app or parking meters located along the street. Make sure to check the signs for specific hours and fees, as parking is often restricted during peak hours or to residents with permits.<\/p>\n\n\n\n<h2 class=\"wp-block-heading\">Nearby public parking lots<\/h2>\n\n\n\n<p>There are several public parking garages and lots in the Dejvice area, including one at V\u00edt\u011bzn\u00e9 n\u00e1m\u011bst\u00ed, which is about a 10-minute walk from the hotel. These lots usually offer hourly or daily parking rates. <\/p>\n\n\n\n<p>It is recommended to check the availability and fees beforehand, especially during busy times. Street parking can be limited, so using public transport or reserving a spot in the hotel\u2019s lot might be more convenient.<\/p>\n\n\n\n<div class=\"wp-block-buttons is-layout-flex wp-block-buttons-is-layout-flex\">\n<div class=\"wp-block-button\"><a class=\"wp-block-button__link wp-element-button\" href=\"https:\/\/www.cem25.com\/\">CEM 25 &#8211; REGISTRATION<\/a><\/div>\n<\/div>\n\n\n\n<p><\/p>\n","protected":false},"excerpt":{"rendered":"<p>Place of the event Grand Hotel International PragueKoulova 16Praha 6https:\/\/www.hotelint.cz\/konference\/ Registration Registration for the conference starts on Sunday December 1st 2024 online via the registration system on the event website www.cem25.com\/registration. Registration fees Undergraduate student free Urologist from CEUS countries &#8211; Residents 100\u20ac Urologist from CEUS countries &#8211; Physicians 200\u20ac Urologist from other than CEUS&hellip;&nbsp;<a href=\"https:\/\/ceus-uro.com\/index.php\/cem25\/\" rel=\"bookmark\">Dowiedz si\u0119 wi\u0119cej &raquo;<span class=\"screen-reader-text\">CEM25<\/span><\/a><\/p>\n","protected":false},"author":1,"featured_media":0,"parent":0,"menu_order":0,"comment_status":"closed","ping_status":"closed","template":"","meta":{"neve_meta_sidebar":"","neve_meta_container":"","neve_meta_enable_content_width":"","neve_meta_content_width":0,"neve_meta_title_alignment":"","neve_meta_author_avatar":"","neve_post_elements_order":"","neve_meta_disable_header":"","neve_meta_disable_footer":"","neve_meta_disable_title":"","ngg_post_thumbnail":0,"footnotes":""},"class_list":["post-137","page","type-page","status-publish","hentry"],"_links":{"self":[{"href":"https:\/\/ceus-uro.com\/index.php\/wp-json\/wp\/v2\/pages\/137","targetHints":{"allow":["GET"]}}],"collection":[{"href":"https:\/\/ceus-uro.com\/index.php\/wp-json\/wp\/v2\/pages"}],"about":[{"href":"https:\/\/ceus-uro.com\/index.php\/wp-json\/wp\/v2\/types\/page"}],"author":[{"embeddable":true,"href":"https:\/\/ceus-uro.com\/index.php\/wp-json\/wp\/v2\/users\/1"}],"replies":[{"embeddable":true,"href":"https:\/\/ceus-uro.com\/index.php\/wp-json\/wp\/v2\/comments?post=137"}],"version-history":[{"count":14,"href":"https:\/\/ceus-uro.com\/index.php\/wp-json\/wp\/v2\/pages\/137\/revisions"}],"predecessor-version":[{"id":416,"href":"https:\/\/ceus-uro.com\/index.php\/wp-json\/wp\/v2\/pages\/137\/revisions\/416"}],"wp:attachment":[{"href":"https:\/\/ceus-uro.com\/index.php\/wp-json\/wp\/v2\/media?parent=137"}],"curies":[{"name":"wp","href":"https:\/\/api.w.org\/{rel}","templated":true}]}}